{"id":2152,"date":"2022-07-09T22:25:49","date_gmt":"2022-07-09T22:25:49","guid":{"rendered":"https:\/\/turissam.com\/turissam-travel\/puebla-5-dias-4-noches\/"},"modified":"2022-10-19T16:17:03","modified_gmt":"2022-10-19T16:17:03","slug":"puebla-5-days-4-nights","status":"publish","type":"page","link":"https:\/\/turissam.com\/en\/turissam-travel\/puebla-5-days-4-nights\/","title":{"rendered":"Puebla 5 Days 4 Nights"},"content":{"rendered":"\t\t<div data-elementor-type=\"wp-page\" data-elementor-id=\"2152\" class=\"elementor elementor-2152 elementor-796\">\n\t\t\t\t\t\t<section class=\"elementor-section elementor-top-section elementor-element elementor-element-c114b89 elementor-section-boxed elementor-section-height-default elementor-section-height-default\" data-id=\"c114b89\" data-element_type=\"section\">\n\t\t\t\t\t\t<div class=\"elementor-container elementor-column-gap-default\">\n\t\t\t\t\t<div class=\"aux-parallax-section elementor-column elementor-col-100 elementor-top-column elementor-element elementor-element-3bb7a169\" data-id=\"3bb7a169\" data-element_type=\"column\">\n\t\t\t<div class=\"elementor-widget-wrap elementor-element-populated\">\n\t\t\t\t\t\t<div class=\"elementor-element elementor-element-5d978fee elementor-arrows-position-inside elementor-widget elementor-widget-image-carousel\" data-id=\"5d978fee\" data-element_type=\"widget\" data-settings=\"{&quot;slides_to_show&quot;:&quot;2&quot;,&quot;slides_to_scroll&quot;:&quot;2&quot;,&quot;navigation&quot;:&quot;arrows&quot;,&quot;autoplay&quot;:&quot;yes&quot;,&quot;pause_on_hover&quot;:&quot;yes&quot;,&quot;pause_on_interaction&quot;:&quot;yes&quot;,&quot;autoplay_speed&quot;:5000,&quot;infinite&quot;:&quot;yes&quot;,&quot;speed&quot;:500}\" data-widget_type=\"image-carousel.default\">\n\t\t\t\t<div class=\"elementor-widget-container\">\n\t\t\t\t\t<div class=\"elementor-image-carousel-wrapper swiper\" dir=\"ltr\">\n\t\t\t<div class=\"elementor-image-carousel swiper-wrapper\" aria-live=\"off\">\n\t\t\t\t\t\t\t\t<div class=\"swiper-slide\" role=\"group\" aria-roledescription=\"slide\" aria-label=\"1 of 9\"><figure class=\"swiper-slide-inner\"><img decoding=\"async\" class=\"swiper-slide-image\" src=\"https:\/\/turissam.com\/wp-content\/uploads\/2022\/07\/centro2.jpg\" alt=\"centro2\" \/><\/figure><\/div><div class=\"swiper-slide\" role=\"group\" aria-roledescription=\"slide\" aria-label=\"2 of 9\"><figure class=\"swiper-slide-inner\"><img decoding=\"async\" class=\"swiper-slide-image\" src=\"https:\/\/turissam.com\/wp-content\/uploads\/2022\/07\/atlixco2.jpg\" alt=\"atlixco2\" \/><\/figure><\/div><div class=\"swiper-slide\" role=\"group\" aria-roledescription=\"slide\" aria-label=\"3 of 9\"><figure class=\"swiper-slide-inner\"><img decoding=\"async\" class=\"swiper-slide-image\" src=\"https:\/\/turissam.com\/wp-content\/uploads\/2022\/07\/centro.jpg\" alt=\"centro\" \/><\/figure><\/div><div class=\"swiper-slide\" role=\"group\" aria-roledescription=\"slide\" aria-label=\"4 of 9\"><figure class=\"swiper-slide-inner\"><img decoding=\"async\" class=\"swiper-slide-image\" src=\"https:\/\/turissam.com\/wp-content\/uploads\/2022\/07\/val-quirico2.jpg\" alt=\"val-quirico2\" \/><\/figure><\/div><div class=\"swiper-slide\" role=\"group\" aria-roledescription=\"slide\" aria-label=\"5 of 9\"><figure class=\"swiper-slide-inner\"><img decoding=\"async\" class=\"swiper-slide-image\" src=\"https:\/\/turissam.com\/wp-content\/uploads\/2022\/07\/ex-hacienda-chautla.jpg\" alt=\"ex-hacienda-chautla\" \/><\/figure><\/div><div class=\"swiper-slide\" role=\"group\" aria-roledescription=\"slide\" aria-label=\"6 of 9\"><figure class=\"swiper-slide-inner\"><img decoding=\"async\" class=\"swiper-slide-image\" src=\"https:\/\/turissam.com\/wp-content\/uploads\/2022\/07\/centro3.jpg\" alt=\"centro3\" \/><\/figure><\/div><div class=\"swiper-slide\" role=\"group\" aria-roledescription=\"slide\" aria-label=\"7 of 9\"><figure class=\"swiper-slide-inner\"><img decoding=\"async\" class=\"swiper-slide-image\" src=\"https:\/\/turissam.com\/wp-content\/uploads\/2022\/07\/zacatlan.jpg\" alt=\"zacatlan\" \/><\/figure><\/div><div class=\"swiper-slide\" role=\"group\" aria-roledescription=\"slide\" aria-label=\"8 of 9\"><figure class=\"swiper-slide-inner\"><img decoding=\"async\" class=\"swiper-slide-image\" src=\"https:\/\/turissam.com\/wp-content\/uploads\/2022\/07\/tehuacan.jpg\" alt=\"tehuacan\" \/><\/figure><\/div><div class=\"swiper-slide\" role=\"group\" aria-roledescription=\"slide\" aria-label=\"9 of 9\"><figure class=\"swiper-slide-inner\"><img decoding=\"async\" class=\"swiper-slide-image\" src=\"https:\/\/turissam.com\/wp-content\/uploads\/2022\/07\/atlixco.jpg\" alt=\"atlixco\" \/><\/figure><\/div>\t\t\t<\/div>\n\t\t\t\t\t\t\t\t\t\t\t\t<div class=\"elementor-swiper-button elementor-swiper-button-prev\" role=\"button\" tabindex=\"0\">\n\t\t\t\t\t\t<i aria-hidden=\"true\" class=\"eicon-chevron-left\"><\/i>\t\t\t\t\t<\/div>\n\t\t\t\t\t<div class=\"elementor-swiper-button elementor-swiper-button-next\" role=\"button\" tabindex=\"0\">\n\t\t\t\t\t\t<i aria-hidden=\"true\" class=\"eicon-chevron-right\"><\/i>\t\t\t\t\t<\/div>\n\t\t\t\t\n\t\t\t\t\t\t\t\t\t<\/div>\n\t\t\t\t<\/div>\n\t\t\t\t<\/div>\n\t\t\t\t\t<\/div>\n\t\t<\/div>\n\t\t\t\t\t<\/div>\n\t\t<\/section>\n\t\t\t\t<section class=\"elementor-section elementor-top-section elementor-element elementor-element-3cf2d8e0 elementor-section-boxed elementor-section-height-default elementor-section-height-default\" data-id=\"3cf2d8e0\" data-element_type=\"section\" data-settings=\"{&quot;background_background&quot;:&quot;classic&quot;}\">\n\t\t\t\t\t\t<div class=\"elementor-container elementor-column-gap-default\">\n\t\t\t\t\t<div class=\"aux-parallax-section elementor-column elementor-col-100 elementor-top-column elementor-element elementor-element-5c0a6be\" data-id=\"5c0a6be\" data-element_type=\"column\">\n\t\t\t<div class=\"elementor-widget-wrap elementor-element-populated\">\n\t\t\t\t\t\t<div class=\"elementor-element elementor-element-61573d51 elementor-widget elementor-widget-heading\" data-id=\"61573d51\" data-element_type=\"widget\" data-widget_type=\"heading.default\">\n\t\t\t\t<div class=\"elementor-widget-container\">\n\t\t\t<h2 class=\"elementor-heading-title elementor-size-default\">Puebla 5 Days 4 Nights<\/h2>\t\t<\/div>\n\t\t\t\t<\/div>\n\t\t\t\t<div class=\"elementor-element elementor-element-50cb5084 elementor-tabs-alignment-stretch elementor-tabs-view-horizontal elementor-widget elementor-widget-tabs\" data-id=\"50cb5084\" data-element_type=\"widget\" data-widget_type=\"tabs.default\">\n\t\t\t\t<div class=\"elementor-widget-container\">\n\t\t\t\t\t<div class=\"elementor-tabs\">\n\t\t\t<div class=\"elementor-tabs-wrapper\" role=\"tablist\" >\n\t\t\t\t\t\t\t\t\t<div id=\"elementor-tab-title-1351\" class=\"elementor-tab-title elementor-tab-desktop-title\" aria-selected=\"true\" data-tab=\"1\" role=\"tab\" tabindex=\"0\" aria-controls=\"elementor-tab-content-1351\" aria-expanded=\"false\">Day 1: Transfer In , Panoramic Tour Puebla<\/div>\n\t\t\t\t\t\t\t\t\t<div id=\"elementor-tab-title-1352\" class=\"elementor-tab-title elementor-tab-desktop-title\" aria-selected=\"false\" data-tab=\"2\" role=\"tab\" tabindex=\"-1\" aria-controls=\"elementor-tab-content-1352\" aria-expanded=\"false\">Day 2: Tehuac\u00e1n, Biosphere Preserve and Mezcal Experience<\/div>\n\t\t\t\t\t\t\t\t\t<div id=\"elementor-tab-title-1353\" class=\"elementor-tab-title elementor-tab-desktop-title\" aria-selected=\"false\" data-tab=\"3\" role=\"tab\" tabindex=\"-1\" aria-controls=\"elementor-tab-content-1353\" aria-expanded=\"false\">Day 3: Cholula y Atlixco<\/div>\n\t\t\t\t\t\t\t\t\t<div id=\"elementor-tab-title-1354\" class=\"elementor-tab-title elementor-tab-desktop-title\" aria-selected=\"false\" data-tab=\"4\" role=\"tab\" tabindex=\"-1\" aria-controls=\"elementor-tab-content-1354\" aria-expanded=\"false\">Day 4: Zacatl\u00e1n y Chignahuapan<\/div>\n\t\t\t\t\t\t\t\t\t<div id=\"elementor-tab-title-1355\" class=\"elementor-tab-title elementor-tab-desktop-title\" aria-selected=\"false\" data-tab=\"5\" role=\"tab\" tabindex=\"-1\" aria-controls=\"elementor-tab-content-1355\" aria-expanded=\"false\">D\u00eda 5: Ex Hacienda de Chautla y Val Quirico<\/div>\n\t\t\t\t\t\t\t<\/div>\n\t\t\t<div class=\"elementor-tabs-content-wrapper\" role=\"tablist\" aria-orientation=\"vertical\">\n\t\t\t\t\t\t\t\t\t<div class=\"elementor-tab-title elementor-tab-mobile-title\" aria-selected=\"true\" data-tab=\"1\" role=\"tab\" tabindex=\"0\" aria-controls=\"elementor-tab-content-1351\" aria-expanded=\"false\">Day 1: Transfer In , Panoramic Tour Puebla<\/div>\n\t\t\t\t\t<div id=\"elementor-tab-content-1351\" class=\"elementor-tab-content elementor-clearfix\" data-tab=\"1\" role=\"tabpanel\" aria-labelledby=\"elementor-tab-title-1351\" tabindex=\"0\" hidden=\"false\"><p>Pick up will be in International Airport Hns. Serd\u00e1n or CAPU bus stations, clients must arrive before 11:00 a.m. <br \/>We will do a panoramic tour around \u201cLos fuertes\u201d. In the historic zone los fuertes where \u201c5 de mayo\u201d took place and we will have a wonderful view of Puebla. <br \/>During this walking tour you will visit the cathedral with the tallest towers in America, Palafoxiana Library, consider the fist public library in America, then you will visit the City Hall , the Rosary Chapelle consider the eighth Wonder of the World, The Candy Street where you will be able to taste different kind of candies in the city and we will visit Parian Market where will be able to buy some Mexican handicrafts .<br \/>In the afternoon we will check-in at the hotel.<\/p><\/div>\n\t\t\t\t\t\t\t\t\t<div class=\"elementor-tab-title elementor-tab-mobile-title\" aria-selected=\"false\" data-tab=\"2\" role=\"tab\" tabindex=\"-1\" aria-controls=\"elementor-tab-content-1352\" aria-expanded=\"false\">Day 2: Tehuac\u00e1n, Biosphere Preserve and Mezcal Experience<\/div>\n\t\t\t\t\t<div id=\"elementor-tab-content-1352\" class=\"elementor-tab-content elementor-clearfix\" data-tab=\"2\" role=\"tabpanel\" aria-labelledby=\"elementor-tab-title-1352\" tabindex=\"0\" hidden=\"hidden\"><p>We will visit Bernarda\u2019s house, who\u2019s the last \u201cgeneral\u201d woman in the zone, in the Mexican Revolution. We will see how some handicrafts are made from onyx and marble. We will walk around the Salinas, a place built between 700 and 500 B.C. , place where people produce salt and we will taste 2 important mezcales: \u201cPichomel\u201d and \u201cPapalom\u00e9tl \u201c. This mezcal is from the Biosphere Reserve of Tehuac\u00e1n &#8211; Cuicatlan and we will eat local food, cooked in this area with local products. <br \/>We will visit \u201cSan Martin Obispo de Tours\u2019 church where your guide will describe it and we will know the story of love about this place. <br \/>Return to the hotel.<\/p><\/div>\n\t\t\t\t\t\t\t\t\t<div class=\"elementor-tab-title elementor-tab-mobile-title\" aria-selected=\"false\" data-tab=\"3\" role=\"tab\" tabindex=\"-1\" aria-controls=\"elementor-tab-content-1353\" aria-expanded=\"false\">Day 3: Cholula y Atlixco<\/div>\n\t\t\t\t\t<div id=\"elementor-tab-content-1353\" class=\"elementor-tab-content elementor-clearfix\" data-tab=\"3\" role=\"tabpanel\" aria-labelledby=\"elementor-tab-title-1353\" tabindex=\"0\" hidden=\"hidden\"><p><b>During this trip we will visit \u201cthe oldest town in America\u201d, we will visit 2 important temples; Santa Maria Tonanzintla and San Francisco Acatepec, that represent the \u201cMexican Baroque\u201d,\u00a0 their decorations, tiles, colors and figures make those temples unforgettable.\u00a0 In Santa Maria Tonanzintla you will have a taste of local products: corn, ice- cream, cacao, among others and we will see \u201cpopotillo\u201d and typical handicraft in Cholula.<\/b><\/p><p><b>Then we will visit the archeological site where we will visit the biggest pyramid basement in the world. We will climb the \u201cpyramid\u201d to visit the Remedios temple and then we will go to Atlixco. During this trip, we will visit the Bonsai Museum , and we will learn a little bit about this technique and art in Asia. We all continue our trip to Atlixco\u2019s downtown where we will see; The main Square, mural, a kiosk, The Franciscan ex-convent and a wonderful view of Atlixco\u2019s Valley. <\/b><\/p><\/div>\n\t\t\t\t\t\t\t\t\t<div class=\"elementor-tab-title elementor-tab-mobile-title\" aria-selected=\"false\" data-tab=\"4\" role=\"tab\" tabindex=\"-1\" aria-controls=\"elementor-tab-content-1354\" aria-expanded=\"false\">Day 4: Zacatl\u00e1n y Chignahuapan<\/div>\n\t\t\t\t\t<div id=\"elementor-tab-content-1354\" class=\"elementor-tab-content elementor-clearfix\" data-tab=\"4\" role=\"tabpanel\" aria-labelledby=\"elementor-tab-title-1354\" tabindex=\"0\" hidden=\"hidden\"><p>We will visit the North Mountain Range, in the north of Puebla\u2019s State, first we will visit Zacatl\u00e1n de las Manzanas, where we will see the Jilguero\u2019s Ravine and then we visit downtown, taste some apples, apple\u2019s soda, sauces and breads. The convent and Saint Peter and Paul church. <br \/>In Chignahuapan, where we will see the making process of christmas spheres, and a monumental Virgen under roof of 39 feet, finally our visit will end at mundear kiosk.<\/p><\/div>\n\t\t\t\t\t\t\t\t\t<div class=\"elementor-tab-title elementor-tab-mobile-title\" aria-selected=\"false\" data-tab=\"5\" role=\"tab\" tabindex=\"-1\" aria-controls=\"elementor-tab-content-1355\" aria-expanded=\"false\">D\u00eda 5: Ex Hacienda de Chautla y Val Quirico<\/div>\n\t\t\t\t\t<div id=\"elementor-tab-content-1355\" class=\"elementor-tab-content elementor-clearfix\" data-tab=\"5\" role=\"tabpanel\" aria-labelledby=\"elementor-tab-title-1355\" tabindex=\"0\" hidden=\"hidden\"><p>First we will visit the \u201cHacienda de Chautla\u201d, this ranch is from the XVII century, around that time it has different owners, one of the most important owner was Mr. Gillow , Who built a castle in the middle of the artificial lagoon. This building has been used for productions as comedies, soap-operas , and series. <br \/>Then we will visit Val\u2019quirico, a lovely place to eat, take pictures, get an ice- cream, relax and walk. Food is not included <br \/>Transfer to Puebla\u2019s International Airport or bus station. <br \/>We finish services.<\/p><\/div>\n\t\t\t\t\t\t\t<\/div>\n\t\t<\/div>\n\t\t\t\t<\/div>\n\t\t\t\t<\/div>\n\t\t\t\t\t<\/div>\n\t\t<\/div>\n\t\t\t\t\t<\/div>\n\t\t<\/section>\n\t\t\t\t<section class=\"elementor-section elementor-top-section elementor-element elementor-element-e9ce408 elementor-section-boxed elementor-section-height-default elementor-section-height-default\" data-id=\"e9ce408\" data-element_type=\"section\">\n\t\t\t\t\t\t<div class=\"elementor-container elementor-column-gap-default\">\n\t\t\t\t\t<div class=\"aux-parallax-section elementor-column elementor-col-100 elementor-top-column elementor-element elementor-element-070f5cb\" data-id=\"070f5cb\" data-element_type=\"column\">\n\t\t\t<div class=\"elementor-widget-wrap elementor-element-populated\">\n\t\t\t\t\t\t<div class=\"elementor-element elementor-element-543909a elementor-align-center elementor-widget elementor-widget-button\" data-id=\"543909a\" data-element_type=\"widget\" data-widget_type=\"button.default\">\n\t\t\t\t<div class=\"elementor-widget-container\">\n\t\t\t\t\t<div class=\"elementor-button-wrapper\">\n\t\t\t<a class=\"elementor-button elementor-button-link elementor-size-md\" href=\"https:\/\/turissam.com\/en\/turissam-travel\/\">\n\t\t\t\t\t\t<span class=\"elementor-button-content-wrapper\">\n\t\t\t\t\t\t<span class=\"elementor-button-icon\">\n\t\t\t\t<i aria-hidden=\"true\" class=\"auxicon2 auxicon2-arrows-left-double-chevron\"><\/i>\t\t\t<\/span>\n\t\t\t\t\t\t\t\t\t<span class=\"elementor-button-text\">Back to Turissam Travel<\/span>\n\t\t\t\t\t<\/span>\n\t\t\t\t\t<\/a>\n\t\t<\/div>\n\t\t\t\t<\/div>\n\t\t\t\t<\/div>\n\t\t\t\t\t<\/div>\n\t\t<\/div>\n\t\t\t\t\t<\/div>\n\t\t<\/section>\n\t\t\t\t<\/div>\n\t\t","protected":false},"excerpt":{"rendered":"<p>Anterior Siguiente Puebla 5 Days 4 Nights Day 1: Transfer In , Panoramic Tour Puebla Day 2: Tehuac\u00e1n, Biosphere Preserve and Mezcal Experience Day 3: Cholula y Atlixco Day 4: Zacatl\u00e1n y Chignahuapan D\u00eda 5: Ex Hacienda de Chautla y Val Quirico Day 1: Transfer In , Panoramic Tour Puebla Pick up will be in [&hellip;]<\/p>\n","protected":false},"author":1,"featured_media":0,"parent":1982,"menu_order":0,"comment_status":"closed","ping_status":"closed","template":"","meta":{"footnotes":"","_joinchat":[]},"aioseo_notices":[],"_links":{"self":[{"href":"https:\/\/turissam.com\/en\/wp-json\/wp\/v2\/pages\/2152"}],"collection":[{"href":"https:\/\/turissam.com\/en\/wp-json\/wp\/v2\/pages"}],"about":[{"href":"https:\/\/turissam.com\/en\/wp-json\/wp\/v2\/types\/page"}],"author":[{"embeddable":true,"href":"https:\/\/turissam.com\/en\/wp-json\/wp\/v2\/users\/1"}],"replies":[{"embeddable":true,"href":"https:\/\/turissam.com\/en\/wp-json\/wp\/v2\/comments?post=2152"}],"version-history":[{"count":4,"href":"https:\/\/turissam.com\/en\/wp-json\/wp\/v2\/pages\/2152\/revisions"}],"predecessor-version":[{"id":2157,"href":"https:\/\/turissam.com\/en\/wp-json\/wp\/v2\/pages\/2152\/revisions\/2157"}],"up":[{"embeddable":true,"href":"https:\/\/turissam.com\/en\/wp-json\/wp\/v2\/pages\/1982"}],"wp:attachment":[{"href":"https:\/\/turissam.com\/en\/wp-json\/wp\/v2\/media?parent=2152"}],"curies":[{"name":"wp","href":"https:\/\/api.w.org\/{rel}","templated":true}]}}