{"id":2139,"date":"2022-07-09T22:25:06","date_gmt":"2022-07-09T22:25:06","guid":{"rendered":"https:\/\/turissam.com\/turissam-travel\/puebla-3-dias-2-noches\/"},"modified":"2022-10-19T16:01:44","modified_gmt":"2022-10-19T16:01:44","slug":"puebla-3-days-2-nights","status":"publish","type":"page","link":"https:\/\/turissam.com\/en\/turissam-travel\/puebla-3-days-2-nights\/","title":{"rendered":"Puebla 3 Days 2 Nights"},"content":{"rendered":"\t\t<div data-elementor-type=\"wp-page\" data-elementor-id=\"2139\" class=\"elementor elementor-2139 elementor-792\">\n\t\t\t\t\t\t<section class=\"elementor-section elementor-top-section elementor-element elementor-element-30874eaf elementor-section-boxed elementor-section-height-default elementor-section-height-default\" data-id=\"30874eaf\" data-element_type=\"section\">\n\t\t\t\t\t\t<div class=\"elementor-container elementor-column-gap-default\">\n\t\t\t\t\t<div class=\"aux-parallax-section elementor-column elementor-col-100 elementor-top-column elementor-element elementor-element-1ec66f8b\" data-id=\"1ec66f8b\" data-element_type=\"column\">\n\t\t\t<div class=\"elementor-widget-wrap elementor-element-populated\">\n\t\t\t\t\t\t<div class=\"elementor-element elementor-element-48de7734 elementor-arrows-position-inside elementor-widget elementor-widget-image-carousel\" data-id=\"48de7734\" data-element_type=\"widget\" data-settings=\"{&quot;slides_to_show&quot;:&quot;2&quot;,&quot;slides_to_scroll&quot;:&quot;2&quot;,&quot;navigation&quot;:&quot;arrows&quot;,&quot;autoplay&quot;:&quot;yes&quot;,&quot;pause_on_hover&quot;:&quot;yes&quot;,&quot;pause_on_interaction&quot;:&quot;yes&quot;,&quot;autoplay_speed&quot;:5000,&quot;infinite&quot;:&quot;yes&quot;,&quot;speed&quot;:500}\" data-widget_type=\"image-carousel.default\">\n\t\t\t\t<div class=\"elementor-widget-container\">\n\t\t\t\t\t<div class=\"elementor-image-carousel-wrapper swiper\" dir=\"ltr\">\n\t\t\t<div class=\"elementor-image-carousel swiper-wrapper\" aria-live=\"off\">\n\t\t\t\t\t\t\t\t<div class=\"swiper-slide\" role=\"group\" aria-roledescription=\"slide\" aria-label=\"1 of 7\"><figure class=\"swiper-slide-inner\"><img decoding=\"async\" class=\"swiper-slide-image\" src=\"https:\/\/turissam.com\/wp-content\/uploads\/2022\/07\/centro.jpg\" alt=\"centro\" \/><\/figure><\/div><div class=\"swiper-slide\" role=\"group\" aria-roledescription=\"slide\" aria-label=\"2 of 7\"><figure class=\"swiper-slide-inner\"><img decoding=\"async\" class=\"swiper-slide-image\" src=\"https:\/\/turissam.com\/wp-content\/uploads\/2022\/07\/atlixco.jpg\" alt=\"atlixco\" \/><\/figure><\/div><div class=\"swiper-slide\" role=\"group\" aria-roledescription=\"slide\" aria-label=\"3 of 7\"><figure class=\"swiper-slide-inner\"><img decoding=\"async\" class=\"swiper-slide-image\" src=\"https:\/\/turissam.com\/wp-content\/uploads\/2022\/07\/centro2.jpg\" alt=\"centro2\" \/><\/figure><\/div><div class=\"swiper-slide\" role=\"group\" aria-roledescription=\"slide\" aria-label=\"4 of 7\"><figure class=\"swiper-slide-inner\"><img decoding=\"async\" class=\"swiper-slide-image\" src=\"https:\/\/turissam.com\/wp-content\/uploads\/2022\/07\/atlixco2.jpg\" alt=\"atlixco2\" \/><\/figure><\/div><div class=\"swiper-slide\" role=\"group\" aria-roledescription=\"slide\" aria-label=\"5 of 7\"><figure class=\"swiper-slide-inner\"><img decoding=\"async\" class=\"swiper-slide-image\" src=\"https:\/\/turissam.com\/wp-content\/uploads\/2022\/07\/centro3.jpg\" alt=\"centro3\" \/><\/figure><\/div><div class=\"swiper-slide\" role=\"group\" aria-roledescription=\"slide\" aria-label=\"6 of 7\"><figure class=\"swiper-slide-inner\"><img decoding=\"async\" class=\"swiper-slide-image\" src=\"https:\/\/turissam.com\/wp-content\/uploads\/2022\/07\/centro4.jpg\" alt=\"centro4\" \/><\/figure><\/div><div class=\"swiper-slide\" role=\"group\" aria-roledescription=\"slide\" aria-label=\"7 of 7\"><figure class=\"swiper-slide-inner\"><img decoding=\"async\" class=\"swiper-slide-image\" src=\"https:\/\/turissam.com\/wp-content\/uploads\/2022\/07\/atlixco3.jpg\" alt=\"atlixco3\" \/><\/figure><\/div>\t\t\t<\/div>\n\t\t\t\t\t\t\t\t\t\t\t\t<div class=\"elementor-swiper-button elementor-swiper-button-prev\" role=\"button\" tabindex=\"0\">\n\t\t\t\t\t\t<i aria-hidden=\"true\" class=\"eicon-chevron-left\"><\/i>\t\t\t\t\t<\/div>\n\t\t\t\t\t<div class=\"elementor-swiper-button elementor-swiper-button-next\" role=\"button\" tabindex=\"0\">\n\t\t\t\t\t\t<i aria-hidden=\"true\" class=\"eicon-chevron-right\"><\/i>\t\t\t\t\t<\/div>\n\t\t\t\t\n\t\t\t\t\t\t\t\t\t<\/div>\n\t\t\t\t<\/div>\n\t\t\t\t<\/div>\n\t\t\t\t\t<\/div>\n\t\t<\/div>\n\t\t\t\t\t<\/div>\n\t\t<\/section>\n\t\t\t\t<section class=\"elementor-section elementor-top-section elementor-element elementor-element-1828a3b elementor-section-boxed elementor-section-height-default elementor-section-height-default\" data-id=\"1828a3b\" data-element_type=\"section\" data-settings=\"{&quot;background_background&quot;:&quot;classic&quot;}\">\n\t\t\t\t\t\t<div class=\"elementor-container elementor-column-gap-default\">\n\t\t\t\t\t<div class=\"aux-parallax-section elementor-column elementor-col-100 elementor-top-column elementor-element elementor-element-3ba9089d\" data-id=\"3ba9089d\" data-element_type=\"column\">\n\t\t\t<div class=\"elementor-widget-wrap elementor-element-populated\">\n\t\t\t\t\t\t<div class=\"elementor-element elementor-element-7c8c0211 elementor-widget elementor-widget-heading\" data-id=\"7c8c0211\" data-element_type=\"widget\" data-widget_type=\"heading.default\">\n\t\t\t\t<div class=\"elementor-widget-container\">\n\t\t\t<h2 class=\"elementor-heading-title elementor-size-default\">Puebla 3 Days 2 Nights<\/h2>\t\t<\/div>\n\t\t\t\t<\/div>\n\t\t\t\t<div class=\"elementor-element elementor-element-52f25abb elementor-tabs-alignment-stretch elementor-tabs-view-horizontal elementor-widget elementor-widget-tabs\" data-id=\"52f25abb\" data-element_type=\"widget\" data-widget_type=\"tabs.default\">\n\t\t\t\t<div class=\"elementor-widget-container\">\n\t\t\t\t\t<div class=\"elementor-tabs\">\n\t\t\t<div class=\"elementor-tabs-wrapper\" role=\"tablist\" >\n\t\t\t\t\t\t\t\t\t<div id=\"elementor-tab-title-1391\" class=\"elementor-tab-title elementor-tab-desktop-title\" aria-selected=\"true\" data-tab=\"1\" role=\"tab\" tabindex=\"0\" aria-controls=\"elementor-tab-content-1391\" aria-expanded=\"false\">Day 1: Transfer In , Tour Puebla Panor\u00e1mico<\/div>\n\t\t\t\t\t\t\t\t\t<div id=\"elementor-tab-title-1392\" class=\"elementor-tab-title elementor-tab-desktop-title\" aria-selected=\"false\" data-tab=\"2\" role=\"tab\" tabindex=\"-1\" aria-controls=\"elementor-tab-content-1392\" aria-expanded=\"false\">Day 2: Cholula y Atlixco, Magical Towns<\/div>\n\t\t\t\t\t\t\t\t\t<div id=\"elementor-tab-title-1393\" class=\"elementor-tab-title elementor-tab-desktop-title\" aria-selected=\"false\" data-tab=\"3\" role=\"tab\" tabindex=\"-1\" aria-controls=\"elementor-tab-content-1393\" aria-expanded=\"false\">Day 3: Check Out<\/div>\n\t\t\t\t\t\t\t<\/div>\n\t\t\t<div class=\"elementor-tabs-content-wrapper\" role=\"tablist\" aria-orientation=\"vertical\">\n\t\t\t\t\t\t\t\t\t<div class=\"elementor-tab-title elementor-tab-mobile-title\" aria-selected=\"true\" data-tab=\"1\" role=\"tab\" tabindex=\"0\" aria-controls=\"elementor-tab-content-1391\" aria-expanded=\"false\">Day 1: Transfer In , Tour Puebla Panor\u00e1mico<\/div>\n\t\t\t\t\t<div id=\"elementor-tab-content-1391\" class=\"elementor-tab-content elementor-clearfix\" data-tab=\"1\" role=\"tabpanel\" aria-labelledby=\"elementor-tab-title-1391\" tabindex=\"0\" hidden=\"false\"><p>Pick up will be in International Airport Hns. Serd\u00e1n or CAPU bus stations, clients must arrive before 11:00 a.m. <br \/>We will do a panoramic tour around \u201cLos fuertes\u201d. In the historic zone los fuertes where \u201c5 de mayo\u201d took place and we will have a wonderful view of Puebla. <br \/>During this walking tour you will visit the cathedral with the tallest towers in America, Palafoxiana Library, consider the fist public library in America, then you will visit the City Hall , the Rosary Chapelle consider the eighth Wonder of the World, The Candy Street where you will be able to taste different kind of candies in the city and we will visit Parian Market where will be able to buy some Mexican handicrafts .<br \/>In the afternoon we will check-in at the hotel.<\/p><\/div>\n\t\t\t\t\t\t\t\t\t<div class=\"elementor-tab-title elementor-tab-mobile-title\" aria-selected=\"false\" data-tab=\"2\" role=\"tab\" tabindex=\"-1\" aria-controls=\"elementor-tab-content-1392\" aria-expanded=\"false\">Day 2: Cholula y Atlixco, Magical Towns<\/div>\n\t\t\t\t\t<div id=\"elementor-tab-content-1392\" class=\"elementor-tab-content elementor-clearfix\" data-tab=\"2\" role=\"tabpanel\" aria-labelledby=\"elementor-tab-title-1392\" tabindex=\"0\" hidden=\"hidden\"><p>During this trip we will visit \u201cthe oldest town in America\u201d, we will visit 2 important temples; Santa Maria Tonanzintla and San Francisco Acatepec, that represent the \u201cMexican Baroque\u201d, their decorations, tiles, colors and figures make those temples unforgettable. In Santa Maria Tonanzintla you will have a taste of local products: corn, ice- cream, cacao, among others and we will see \u201cpopotillo\u201d and typical handicraft in Cholula.<br \/>Then we will visit the archeological site where we will visit the biggest pyramid basement in the world. We will climb the \u201cpyramid\u201d to visit the Remedios temple and then we will go to Atlixco. During this trip, we will visit the Bonsai Museum , and we will learn a little bit about this technique and art in Asia. We all continue our trip to Atlixco\u2019s downtown where we will see; The main Square, mural, a kiosk, The Franciscan ex-convent and a wonderful view of Atlixco\u2019s Valley.<\/p><\/div>\n\t\t\t\t\t\t\t\t\t<div class=\"elementor-tab-title elementor-tab-mobile-title\" aria-selected=\"false\" data-tab=\"3\" role=\"tab\" tabindex=\"-1\" aria-controls=\"elementor-tab-content-1393\" aria-expanded=\"false\">Day 3: Check Out<\/div>\n\t\t\t\t\t<div id=\"elementor-tab-content-1393\" class=\"elementor-tab-content elementor-clearfix\" data-tab=\"3\" role=\"tabpanel\" aria-labelledby=\"elementor-tab-title-1393\" tabindex=\"0\" hidden=\"hidden\"><p>Free time in the morning <br \/>Check out and transfer to Puebla\u2019s international Airport or bus station.<\/p><p>End of services.<\/p><\/div>\n\t\t\t\t\t\t\t<\/div>\n\t\t<\/div>\n\t\t\t\t<\/div>\n\t\t\t\t<\/div>\n\t\t\t\t\t<\/div>\n\t\t<\/div>\n\t\t\t\t\t<\/div>\n\t\t<\/section>\n\t\t\t\t<section class=\"elementor-section elementor-top-section elementor-element elementor-element-fd92d25 elementor-section-boxed elementor-section-height-default elementor-section-height-default\" data-id=\"fd92d25\" data-element_type=\"section\">\n\t\t\t\t\t\t<div class=\"elementor-container elementor-column-gap-default\">\n\t\t\t\t\t<div class=\"aux-parallax-section elementor-column elementor-col-100 elementor-top-column elementor-element elementor-element-dcfada7\" data-id=\"dcfada7\" data-element_type=\"column\">\n\t\t\t<div class=\"elementor-widget-wrap elementor-element-populated\">\n\t\t\t\t\t\t<div class=\"elementor-element elementor-element-abd17bc elementor-align-center elementor-widget elementor-widget-button\" data-id=\"abd17bc\" data-element_type=\"widget\" data-widget_type=\"button.default\">\n\t\t\t\t<div class=\"elementor-widget-container\">\n\t\t\t\t\t<div class=\"elementor-button-wrapper\">\n\t\t\t<a class=\"elementor-button elementor-button-link elementor-size-md\" href=\"https:\/\/turissam.com\/en\/turissam-travel\/\">\n\t\t\t\t\t\t<span class=\"elementor-button-content-wrapper\">\n\t\t\t\t\t\t<span class=\"elementor-button-icon\">\n\t\t\t\t<i aria-hidden=\"true\" class=\"auxicon2 auxicon2-arrows-left-double-chevron\"><\/i>\t\t\t<\/span>\n\t\t\t\t\t\t\t\t\t<span class=\"elementor-button-text\">Back to Turissam Travel<\/span>\n\t\t\t\t\t<\/span>\n\t\t\t\t\t<\/a>\n\t\t<\/div>\n\t\t\t\t<\/div>\n\t\t\t\t<\/div>\n\t\t\t\t\t<\/div>\n\t\t<\/div>\n\t\t\t\t\t<\/div>\n\t\t<\/section>\n\t\t\t\t<\/div>\n\t\t","protected":false},"excerpt":{"rendered":"<p>Anterior Siguiente Puebla 3 Days 2 Nights Day 1: Transfer In , Tour Puebla Panor\u00e1mico Day 2: Cholula y Atlixco, Magical Towns Day 3: Check Out Day 1: Transfer In , Tour Puebla Panor\u00e1mico Pick up will be in International Airport Hns. Serd\u00e1n or CAPU bus stations, clients must arrive before 11:00 a.m. We will [&hellip;]<\/p>\n","protected":false},"author":1,"featured_media":0,"parent":1982,"menu_order":0,"comment_status":"closed","ping_status":"closed","template":"","meta":{"footnotes":"","_joinchat":[]},"aioseo_notices":[],"_links":{"self":[{"href":"https:\/\/turissam.com\/en\/wp-json\/wp\/v2\/pages\/2139"}],"collection":[{"href":"https:\/\/turissam.com\/en\/wp-json\/wp\/v2\/pages"}],"about":[{"href":"https:\/\/turissam.com\/en\/wp-json\/wp\/v2\/types\/page"}],"author":[{"embeddable":true,"href":"https:\/\/turissam.com\/en\/wp-json\/wp\/v2\/users\/1"}],"replies":[{"embeddable":true,"href":"https:\/\/turissam.com\/en\/wp-json\/wp\/v2\/comments?post=2139"}],"version-history":[{"count":7,"href":"https:\/\/turissam.com\/en\/wp-json\/wp\/v2\/pages\/2139\/revisions"}],"predecessor-version":[{"id":2146,"href":"https:\/\/turissam.com\/en\/wp-json\/wp\/v2\/pages\/2139\/revisions\/2146"}],"up":[{"embeddable":true,"href":"https:\/\/turissam.com\/en\/wp-json\/wp\/v2\/pages\/1982"}],"wp:attachment":[{"href":"https:\/\/turissam.com\/en\/wp-json\/wp\/v2\/media?parent=2139"}],"curies":[{"name":"wp","href":"https:\/\/api.w.org\/{rel}","templated":true}]}}