{"id":2126,"date":"2022-07-09T22:22:55","date_gmt":"2022-07-09T22:22:55","guid":{"rendered":"https:\/\/turissam.com\/turissam-travel\/traslados\/"},"modified":"2022-10-19T15:54:13","modified_gmt":"2022-10-19T15:54:13","slug":"transfers","status":"publish","type":"page","link":"https:\/\/turissam.com\/en\/turissam-travel\/transfers\/","title":{"rendered":"Transfers"},"content":{"rendered":"\t\t<div data-elementor-type=\"wp-page\" data-elementor-id=\"2126\" class=\"elementor elementor-2126 elementor-785\">\n\t\t\t\t\t\t<section class=\"elementor-section elementor-top-section elementor-element elementor-element-58553c15 elementor-section-boxed elementor-section-height-default elementor-section-height-default\" data-id=\"58553c15\" data-element_type=\"section\">\n\t\t\t\t\t\t<div class=\"elementor-container elementor-column-gap-default\">\n\t\t\t\t\t<div class=\"aux-parallax-section elementor-column elementor-col-50 elementor-top-column elementor-element elementor-element-64979fc5\" data-id=\"64979fc5\" data-element_type=\"column\">\n\t\t\t<div class=\"elementor-widget-wrap elementor-element-populated\">\n\t\t\t\t\t\t<div class=\"elementor-element elementor-element-37a669d5 elementor-arrows-position-inside elementor-widget elementor-widget-image-carousel\" data-id=\"37a669d5\" data-element_type=\"widget\" data-settings=\"{&quot;slides_to_show&quot;:&quot;1&quot;,&quot;navigation&quot;:&quot;arrows&quot;,&quot;autoplay&quot;:&quot;yes&quot;,&quot;pause_on_hover&quot;:&quot;yes&quot;,&quot;pause_on_interaction&quot;:&quot;yes&quot;,&quot;autoplay_speed&quot;:5000,&quot;infinite&quot;:&quot;yes&quot;,&quot;effect&quot;:&quot;slide&quot;,&quot;speed&quot;:500}\" data-widget_type=\"image-carousel.default\">\n\t\t\t\t<div class=\"elementor-widget-container\">\n\t\t\t\t\t<div class=\"elementor-image-carousel-wrapper swiper\" dir=\"ltr\">\n\t\t\t<div class=\"elementor-image-carousel swiper-wrapper\" aria-live=\"off\">\n\t\t\t\t\t\t\t\t<div class=\"swiper-slide\" role=\"group\" aria-roledescription=\"slide\" aria-label=\"1 of 1\"><figure class=\"swiper-slide-inner\"><img decoding=\"async\" class=\"swiper-slide-image\" src=\"https:\/\/turissam.com\/wp-content\/uploads\/2022\/07\/traslados.jpg\" alt=\"traslados\" \/><\/figure><\/div>\t\t\t<\/div>\n\t\t\t\t\t<\/div>\n\t\t\t\t<\/div>\n\t\t\t\t<\/div>\n\t\t\t\t\t<\/div>\n\t\t<\/div>\n\t\t\t\t<div class=\"aux-parallax-section elementor-column elementor-col-50 elementor-top-column elementor-element elementor-element-2d99c6ed\" data-id=\"2d99c6ed\" data-element_type=\"column\" data-settings=\"{&quot;background_background&quot;:&quot;classic&quot;}\">\n\t\t\t<div class=\"elementor-widget-wrap elementor-element-populated\">\n\t\t\t\t\t\t<div class=\"elementor-element elementor-element-5812161 elementor-widget elementor-widget-heading\" data-id=\"5812161\" data-element_type=\"widget\" data-widget_type=\"heading.default\">\n\t\t\t\t<div class=\"elementor-widget-container\">\n\t\t\t<h2 class=\"elementor-heading-title elementor-size-default\">Tranfers<\/h2>\t\t<\/div>\n\t\t\t\t<\/div>\n\t\t\t\t<div class=\"elementor-element elementor-element-76435b21 elementor-widget elementor-widget-text-editor\" data-id=\"76435b21\" data-element_type=\"widget\" data-widget_type=\"text-editor.default\">\n\t\t\t\t<div class=\"elementor-widget-container\">\n\t\t\t\t\t\t\t<h4>From\/To<\/h4><ul><li style=\"font-weight: 400;\" aria-level=\"1\"><span style=\"font-weight: 400;\">CAPU Bus Station<\/span><\/li><li style=\"font-weight: 400;\" aria-level=\"1\"><span style=\"font-weight: 400;\">Paseo Destino Bus Station<\/span><\/li><li style=\"font-weight: 400;\" aria-level=\"1\">International Airport Hns. Serd\u00e1n (Puebla)<\/li><li style=\"font-weight: 400;\" aria-level=\"1\">International Airport Benito Ju\u00e1rez (CDMX)<\/li><li style=\"font-weight: 400;\" aria-level=\"1\">International Airport Felipe \u00c1ngeles (Santa Luc\u00eda)<\/li><\/ul><h4>CAR UNITS<\/h4><ul><li style=\"font-weight: 400;\" aria-level=\"1\">Sedan car (1-3) pax<\/li><li style=\"font-weight: 400;\" aria-level=\"1\">Van \u201cToyota Haice\u201d (4-8) pax<\/li><li style=\"font-weight: 400;\" aria-level=\"1\">SUV \u201csprinter\u201d (9-19) pax<\/li><li style=\"font-weight: 400;\" aria-level=\"1\">Bus \u201cIrizar PB\u201d (48) pax<\/li><\/ul>\t\t\t\t\t\t<\/div>\n\t\t\t\t<\/div>\n\t\t\t\t\t<\/div>\n\t\t<\/div>\n\t\t\t\t\t<\/div>\n\t\t<\/section>\n\t\t\t\t<section class=\"elementor-section elementor-top-section elementor-element elementor-element-3f75d053 elementor-section-boxed elementor-section-height-default elementor-section-height-default\" data-id=\"3f75d053\" data-element_type=\"section\" data-settings=\"{&quot;background_background&quot;:&quot;classic&quot;}\">\n\t\t\t\t\t\t<div class=\"elementor-container elementor-column-gap-default\">\n\t\t\t\t\t<div class=\"aux-parallax-section elementor-column elementor-col-100 elementor-top-column elementor-element elementor-element-435cc425\" data-id=\"435cc425\" data-element_type=\"column\">\n\t\t\t<div class=\"elementor-widget-wrap elementor-element-populated\">\n\t\t\t\t\t\t<section class=\"elementor-section elementor-inner-section elementor-element elementor-element-7cfe17c8 elementor-section-boxed elementor-section-height-default elementor-section-height-default\" data-id=\"7cfe17c8\" data-element_type=\"section\">\n\t\t\t\t\t\t<div class=\"elementor-container elementor-column-gap-default\">\n\t\t\t\t\t<div class=\"aux-parallax-section elementor-column elementor-col-100 elementor-inner-column elementor-element elementor-element-662cf8c\" data-id=\"662cf8c\" data-element_type=\"column\">\n\t\t\t<div class=\"elementor-widget-wrap\">\n\t\t\t\t\t\t\t<\/div>\n\t\t<\/div>\n\t\t\t\t\t<\/div>\n\t\t<\/section>\n\t\t\t\t\t<\/div>\n\t\t<\/div>\n\t\t\t\t\t<\/div>\n\t\t<\/section>\n\t\t\t\t<section class=\"elementor-section elementor-top-section elementor-element elementor-element-584e373 elementor-section-boxed elementor-section-height-default elementor-section-height-default\" data-id=\"584e373\" data-element_type=\"section\">\n\t\t\t\t\t\t<div class=\"elementor-container elementor-column-gap-default\">\n\t\t\t\t\t<div class=\"aux-parallax-section elementor-column elementor-col-100 elementor-top-column elementor-element elementor-element-0983f9f\" data-id=\"0983f9f\" data-element_type=\"column\">\n\t\t\t<div class=\"elementor-widget-wrap elementor-element-populated\">\n\t\t\t\t\t\t<div class=\"elementor-element elementor-element-be2f6a3 elementor-align-center elementor-widget elementor-widget-button\" data-id=\"be2f6a3\" data-element_type=\"widget\" data-widget_type=\"button.default\">\n\t\t\t\t<div class=\"elementor-widget-container\">\n\t\t\t\t\t<div class=\"elementor-button-wrapper\">\n\t\t\t<a class=\"elementor-button elementor-button-link elementor-size-md\" href=\"https:\/\/turissam.com\/en\/turissam-travel\/\">\n\t\t\t\t\t\t<span class=\"elementor-button-content-wrapper\">\n\t\t\t\t\t\t<span class=\"elementor-button-icon\">\n\t\t\t\t<i aria-hidden=\"true\" class=\"auxicon2 auxicon2-arrows-left-double-chevron\"><\/i>\t\t\t<\/span>\n\t\t\t\t\t\t\t\t\t<span class=\"elementor-button-text\">Back to Turissam Travel<\/span>\n\t\t\t\t\t<\/span>\n\t\t\t\t\t<\/a>\n\t\t<\/div>\n\t\t\t\t<\/div>\n\t\t\t\t<\/div>\n\t\t\t\t\t<\/div>\n\t\t<\/div>\n\t\t\t\t\t<\/div>\n\t\t<\/section>\n\t\t\t\t<\/div>\n\t\t","protected":false},"excerpt":{"rendered":"<p>Tranfers From\/To CAPU Bus Station Paseo Destino Bus Station International Airport Hns. Serd\u00e1n (Puebla) International Airport Benito Ju\u00e1rez (CDMX) International Airport Felipe \u00c1ngeles (Santa Luc\u00eda) CAR UNITS Sedan car (1-3) pax Van \u201cToyota Haice\u201d (4-8) pax SUV \u201csprinter\u201d (9-19) pax Bus \u201cIrizar PB\u201d (48) pax Back to Turissam Travel<\/p>\n","protected":false},"author":1,"featured_media":0,"parent":1982,"menu_order":0,"comment_status":"closed","ping_status":"closed","template":"","meta":{"footnotes":"","_joinchat":[]},"aioseo_notices":[],"_links":{"self":[{"href":"https:\/\/turissam.com\/en\/wp-json\/wp\/v2\/pages\/2126"}],"collection":[{"href":"https:\/\/turissam.com\/en\/wp-json\/wp\/v2\/pages"}],"about":[{"href":"https:\/\/turissam.com\/en\/wp-json\/wp\/v2\/types\/page"}],"author":[{"embeddable":true,"href":"https:\/\/turissam.com\/en\/wp-json\/wp\/v2\/users\/1"}],"replies":[{"embeddable":true,"href":"https:\/\/turissam.com\/en\/wp-json\/wp\/v2\/comments?post=2126"}],"version-history":[{"count":4,"href":"https:\/\/turissam.com\/en\/wp-json\/wp\/v2\/pages\/2126\/revisions"}],"predecessor-version":[{"id":2130,"href":"https:\/\/turissam.com\/en\/wp-json\/wp\/v2\/pages\/2126\/revisions\/2130"}],"up":[{"embeddable":true,"href":"https:\/\/turissam.com\/en\/wp-json\/wp\/v2\/pages\/1982"}],"wp:attachment":[{"href":"https:\/\/turissam.com\/en\/wp-json\/wp\/v2\/media?parent=2126"}],"curies":[{"name":"wp","href":"https:\/\/api.w.org\/{rel}","templated":true}]}}