{"id":1862,"date":"2022-06-29T15:20:22","date_gmt":"2022-06-29T15:20:22","guid":{"rendered":"https:\/\/turissam.com\/turissam-med\/implantes-pectorales-lipoescultura-abdominales\/"},"modified":"2023-04-19T17:07:21","modified_gmt":"2023-04-19T17:07:21","slug":"implantes-pectorales-lipoescultura-abdominales","status":"publish","type":"page","link":"https:\/\/turissam.com\/en\/turissam-med\/implantes-pectorales-lipoescultura-abdominales\/","title":{"rendered":"Implantes Pectorales + Lipoescultura + Abdominales"},"content":{"rendered":"\t\t<div data-elementor-type=\"wp-page\" data-elementor-id=\"1862\" class=\"elementor elementor-1862 elementor-242\">\n\t\t\t\t\t\t<section class=\"elementor-section elementor-top-section elementor-element elementor-element-16a80058 elementor-section-boxed elementor-section-height-default elementor-section-height-default\" data-id=\"16a80058\" data-element_type=\"section\">\n\t\t\t\t\t\t<div class=\"elementor-container elementor-column-gap-default\">\n\t\t\t\t\t<div class=\"aux-parallax-section elementor-column elementor-col-100 elementor-top-column elementor-element elementor-element-72661b14\" data-id=\"72661b14\" data-element_type=\"column\">\n\t\t\t<div class=\"elementor-widget-wrap elementor-element-populated\">\n\t\t\t\t\t\t<section class=\"elementor-section elementor-inner-section elementor-element elementor-element-3edb4b97 elementor-section-content-middle elementor-section-boxed elementor-section-height-default elementor-section-height-default\" data-id=\"3edb4b97\" data-element_type=\"section\">\n\t\t\t\t\t\t<div class=\"elementor-container elementor-column-gap-default\">\n\t\t\t\t\t<div class=\"aux-parallax-section elementor-column elementor-col-50 elementor-inner-column elementor-element elementor-element-77f5a872 aux-appear-watch-animation aux-fade-in-left-2\" data-id=\"77f5a872\" data-element_type=\"column\">\n\t\t\t<div class=\"elementor-widget-wrap elementor-element-populated\">\n\t\t\t\t\t\t<div class=\"elementor-element elementor-element-271141b9 elementor-widget elementor-widget-heading\" data-id=\"271141b9\" data-element_type=\"widget\" data-widget_type=\"heading.default\">\n\t\t\t\t<div class=\"elementor-widget-container\">\n\t\t\t<h1 class=\"elementor-heading-title elementor-size-default\">Implantes Pectorales + Lipoescultura + Abdominales<\/h1>\t\t<\/div>\n\t\t\t\t<\/div>\n\t\t\t\t\t<\/div>\n\t\t<\/div>\n\t\t\t\t<div class=\"aux-parallax-section elementor-column elementor-col-50 elementor-inner-column elementor-element elementor-element-371f9180 aux-appear-watch-animation aux-fade-in-right-1\" data-id=\"371f9180\" data-element_type=\"column\">\n\t\t\t<div class=\"elementor-widget-wrap elementor-element-populated\">\n\t\t\t\t\t\t<div class=\"elementor-element elementor-element-4262443f elementor-widget elementor-widget-image\" data-id=\"4262443f\" data-element_type=\"widget\" data-widget_type=\"image.default\">\n\t\t\t\t<div class=\"elementor-widget-container\">\n\t\t\t\t\t\t\t\t\t\t\t\t\t<img fetchpriority=\"high\" decoding=\"async\" width=\"1500\" height=\"1000\" src=\"https:\/\/turissam.com\/wp-content\/uploads\/2022\/06\/galeria-onc5.jpg\" class=\"attachment-full size-full wp-image-1449\" alt=\"\" \/>\t\t\t\t\t\t\t\t\t\t\t\t\t<\/div>\n\t\t\t\t<\/div>\n\t\t\t\t\t<\/div>\n\t\t<\/div>\n\t\t\t\t\t<\/div>\n\t\t<\/section>\n\t\t\t\t<section class=\"elementor-section elementor-inner-section elementor-element elementor-element-4f8e7560 elementor-section-content-middle aux-appear-watch-animation aux-fade-in-up-2 elementor-section-boxed elementor-section-height-default elementor-section-height-default\" data-id=\"4f8e7560\" data-element_type=\"section\">\n\t\t\t\t\t\t<div class=\"elementor-container elementor-column-gap-no\">\n\t\t\t\t\t<div class=\"aux-parallax-section elementor-column elementor-col-100 elementor-inner-column elementor-element elementor-element-6a6f694\" data-id=\"6a6f694\" data-element_type=\"column\" data-settings=\"{&quot;background_background&quot;:&quot;classic&quot;}\">\n\t\t\t<div class=\"elementor-widget-wrap elementor-element-populated\">\n\t\t\t\t\t\t<div class=\"elementor-element elementor-element-617bb8e elementor-align-justify elementor-widget elementor-widget-button\" data-id=\"617bb8e\" data-element_type=\"widget\" data-widget_type=\"button.default\">\n\t\t\t\t<div class=\"elementor-widget-container\">\n\t\t\t\t\t<div class=\"elementor-button-wrapper\">\n\t\t\t<a class=\"elementor-button elementor-button-link elementor-size-xl\" href=\"http:\/\/wa.link\/v5rkf4\" target=\"_blank\" rel=\"nofollow\">\n\t\t\t\t\t\t<span class=\"elementor-button-content-wrapper\">\n\t\t\t\t\t\t\t\t\t<span class=\"elementor-button-text\">Solicita ya tu video consulta sin costo<\/span>\n\t\t\t\t\t<\/span>\n\t\t\t\t\t<\/a>\n\t\t<\/div>\n\t\t\t\t<\/div>\n\t\t\t\t<\/div>\n\t\t\t\t\t<\/div>\n\t\t<\/div>\n\t\t\t\t\t<\/div>\n\t\t<\/section>\n\t\t\t\t<section class=\"elementor-section elementor-inner-section elementor-element elementor-element-54738217 elementor-section-boxed elementor-section-height-default elementor-section-height-default\" data-id=\"54738217\" data-element_type=\"section\">\n\t\t\t\t\t\t<div class=\"elementor-container elementor-column-gap-default\">\n\t\t\t\t\t<div class=\"aux-parallax-section elementor-column elementor-col-50 elementor-inner-column elementor-element elementor-element-482e8c2b aux-appear-watch-animation aux-zoom-in-2\" data-id=\"482e8c2b\" data-element_type=\"column\">\n\t\t\t<div class=\"elementor-widget-wrap elementor-element-populated\">\n\t\t\t\t\t\t<div class=\"elementor-element elementor-element-16d95f0d elementor-widget elementor-widget-heading\" data-id=\"16d95f0d\" data-element_type=\"widget\" data-widget_type=\"heading.default\">\n\t\t\t\t<div class=\"elementor-widget-container\">\n\t\t\t<h3 class=\"elementor-heading-title elementor-size-default\">Incluye:<\/h3>\t\t<\/div>\n\t\t\t\t<\/div>\n\t\t\t\t<div class=\"elementor-element elementor-element-4f6c173c elementor-widget elementor-widget-aux_icon_list\" data-id=\"4f6c173c\" data-element_type=\"widget\" data-widget_type=\"aux_icon_list.default\">\n\t\t\t\t<div class=\"elementor-widget-container\">\n\t\t\t<section class=\"widget-container aux-widget-icon-list aux-parent-au84bf4495\"><div class=\"widget-inner\"><div class=\"aux-widget-icon-list-inner\"><ul class=\"aux-icon-list-items aux-direction-default\"><li class=\"aux-icon-list-item aux-list-item-has-icon aux-icon-list-item-7aa20cb elementor-repeater-item-7aa20cb\"><span class=\"aux-icon-list-icon far fa-check-circle\"><\/span><span class=\"aux-icon-list-text\">1 Consulta por Videollamada<\/span><\/li><li class=\"aux-icon-list-item aux-list-item-has-icon aux-icon-list-item-b162dc0 elementor-repeater-item-b162dc0\"><span class=\"aux-icon-list-icon far fa-check-circle\"><\/span><span class=\"aux-icon-list-text\">Consulta presencial<\/span><\/li><li class=\"aux-icon-list-item aux-list-item-has-icon aux-icon-list-item-4d746e1 elementor-repeater-item-4d746e1\"><span class=\"aux-icon-list-icon far fa-check-circle\"><\/span><span class=\"aux-icon-list-text\">Valoraci\u00f3n prequir\u00fargica<\/span><\/li><li class=\"aux-icon-list-item aux-list-item-has-icon aux-icon-list-item-f637321 elementor-repeater-item-f637321\"><span class=\"aux-icon-list-icon far fa-check-circle\"><\/span><span class=\"aux-icon-list-text\">Realizaci\u00f3n de cirug\u00eda<\/span><\/li><li class=\"aux-icon-list-item aux-list-item-has-icon aux-icon-list-item-42de71f elementor-repeater-item-42de71f\"><span class=\"aux-icon-list-icon far fa-check-circle\"><\/span><span class=\"aux-icon-list-text\">Seguimiento personalizado en Hotel durante 2 semanas posteriores a egreso hospitalario.<\/span><\/li><li class=\"aux-icon-list-item aux-list-item-has-icon aux-icon-list-item-3d87f91 elementor-repeater-item-3d87f91\"><span class=\"aux-icon-list-icon far fa-check-circle\"><\/span><span class=\"aux-icon-list-text\">1 Noche hospitalizaci\u00f3n en habitaci\u00f3n est\u00e1ndar con 1 acompa\u00f1ante<\/span><\/li><li class=\"aux-icon-list-item aux-list-item-has-icon aux-icon-list-item-7c84880 elementor-repeater-item-7c84880\"><span class=\"aux-icon-list-icon far fa-check-circle\"><\/span><span class=\"aux-icon-list-text\">Uso de quir\u00f3fano con anestesia general<\/span><\/li><li class=\"aux-icon-list-item aux-list-item-has-icon aux-icon-list-item-aab2140 elementor-repeater-item-aab2140\"><span class=\"aux-icon-list-icon far fa-check-circle\"><\/span><span class=\"aux-icon-list-text\">Traslado para 2 personas APTO \u2013 HOTEL \u2013 APTO en auto compacto con 1 hora de espera.<\/span><\/li><li class=\"aux-icon-list-item aux-list-item-has-icon aux-icon-list-item-9cf66e2 elementor-repeater-item-9cf66e2\"><span class=\"aux-icon-list-icon far fa-check-circle\"><\/span><span class=\"aux-icon-list-text\">2 noches de hospedaje previo y 4 posteriores a hospitalizaci\u00f3n en Hotel de categor\u00eda elegida en habitaci\u00f3n sencilla o doble (sin alimentos)<\/span><\/li><li class=\"aux-icon-list-item aux-list-item-has-icon aux-icon-list-item-1001804 elementor-repeater-item-1001804\"><span class=\"aux-icon-list-icon far fa-check-circle\"><\/span><span class=\"aux-icon-list-text\">4 d\u00edas de auto compacto a disposici\u00f3n por 8 horas para traslados locales Puebla \u2013 Cholula<\/span><\/li><li class=\"aux-icon-list-item aux-list-item-has-icon aux-icon-list-item-591499a elementor-repeater-item-591499a\"><span class=\"aux-icon-list-icon far fa-check-circle\"><\/span><span class=\"aux-icon-list-text\">Impuestos<\/span><\/li><\/ul><\/div><\/div><\/section><!-- widget-container -->\t\t<\/div>\n\t\t\t\t<\/div>\n\t\t\t\t\t<\/div>\n\t\t<\/div>\n\t\t\t\t<div class=\"aux-parallax-section elementor-column elementor-col-50 elementor-inner-column elementor-element elementor-element-1576dfdf aux-appear-watch-animation aux-zoom-in-2\" data-id=\"1576dfdf\" data-element_type=\"column\">\n\t\t\t<div class=\"elementor-widget-wrap elementor-element-populated\">\n\t\t\t\t\t\t<div class=\"elementor-element elementor-element-345558cb elementor-widget elementor-widget-heading\" data-id=\"345558cb\" data-element_type=\"widget\" data-widget_type=\"heading.default\">\n\t\t\t\t<div class=\"elementor-widget-container\">\n\t\t\t<h3 class=\"elementor-heading-title elementor-size-default\">No incluye:<\/h3>\t\t<\/div>\n\t\t\t\t<\/div>\n\t\t\t\t<div class=\"elementor-element elementor-element-122a45a5 elementor-widget elementor-widget-aux_icon_list\" data-id=\"122a45a5\" data-element_type=\"widget\" data-widget_type=\"aux_icon_list.default\">\n\t\t\t\t<div class=\"elementor-widget-container\">\n\t\t\t<section class=\"widget-container aux-widget-icon-list aux-parent-aucf673cc6\"><div class=\"widget-inner\"><div class=\"aux-widget-icon-list-inner\"><ul class=\"aux-icon-list-items aux-direction-default\"><li class=\"aux-icon-list-item aux-list-item-has-icon aux-icon-list-item-7aa20cb elementor-repeater-item-7aa20cb\"><span class=\"aux-icon-list-icon fas fa-ban\"><\/span><span class=\"aux-icon-list-text\">Otros procedimientos no descritos en el paquete.<\/span><\/li><li class=\"aux-icon-list-item aux-list-item-has-icon aux-icon-list-item-ace7ea8 elementor-repeater-item-ace7ea8\"><span class=\"aux-icon-list-icon fas fa-ban\"><\/span><span class=\"aux-icon-list-text\">Gastos de complicaciones.<\/span><\/li><li class=\"aux-icon-list-item aux-list-item-has-icon aux-icon-list-item-1dca873 elementor-repeater-item-1dca873\"><span class=\"aux-icon-list-icon fas fa-ban\"><\/span><span class=\"aux-icon-list-text\">Estancia en unidades de terapia intensiva o intermedia.<\/span><\/li><li class=\"aux-icon-list-item aux-list-item-has-icon aux-icon-list-item-fb0d5a9 elementor-repeater-item-fb0d5a9\"><span class=\"aux-icon-list-icon fas fa-ban\"><\/span><span class=\"aux-icon-list-text\">Transfusiones sangu\u00edneas.<\/span><\/li><li class=\"aux-icon-list-item aux-list-item-has-icon aux-icon-list-item-6a88431 elementor-repeater-item-6a88431\"><span class=\"aux-icon-list-icon fas fa-ban\"><\/span><span class=\"aux-icon-list-text\">D\u00edas adicionales a los establecidos.<\/span><\/li><li class=\"aux-icon-list-item aux-list-item-has-icon aux-icon-list-item-bd1c4e5 elementor-repeater-item-bd1c4e5\"><span class=\"aux-icon-list-icon fas fa-ban\"><\/span><span class=\"aux-icon-list-text\">Estudios no especificados.<\/span><\/li><li class=\"aux-icon-list-item aux-list-item-has-icon aux-icon-list-item-891974b elementor-repeater-item-891974b\"><span class=\"aux-icon-list-icon fas fa-ban\"><\/span><span class=\"aux-icon-list-text\">Noches extras de alojamiento.<\/span><\/li><li class=\"aux-icon-list-item aux-list-item-has-icon aux-icon-list-item-087d327 elementor-repeater-item-087d327\"><span class=\"aux-icon-list-icon fas fa-ban\"><\/span><span class=\"aux-icon-list-text\">Personas extras para traslado o alojamiento.<\/span><\/li><li class=\"aux-icon-list-item aux-list-item-has-icon aux-icon-list-item-70383de elementor-repeater-item-70383de\"><span class=\"aux-icon-list-icon fas fa-ban\"><\/span><span class=\"aux-icon-list-text\">Alimentos o gastos personales.<\/span><\/li><li class=\"aux-icon-list-item aux-list-item-has-icon aux-icon-list-item-7a50b40 elementor-repeater-item-7a50b40\"><span class=\"aux-icon-list-icon fas fa-ban\"><\/span><span class=\"aux-icon-list-text\">Todo lo NO mencionado en \u201cIncluye\u201d.<\/span><\/li><\/ul><\/div><\/div><\/section><!-- widget-container -->\t\t<\/div>\n\t\t\t\t<\/div>\n\t\t\t\t\t<\/div>\n\t\t<\/div>\n\t\t\t\t\t<\/div>\n\t\t<\/section>\n\t\t\t\t\t<\/div>\n\t\t<\/div>\n\t\t\t\t\t<\/div>\n\t\t<\/section>\n\t\t\t\t<section class=\"elementor-section elementor-top-section elementor-element elementor-element-34e4c1c8 aux-appear-watch-animation aux-mask-from-left elementor-section-boxed elementor-section-height-default elementor-section-height-default\" data-id=\"34e4c1c8\" data-element_type=\"section\">\n\t\t\t\t\t\t<div class=\"elementor-container elementor-column-gap-default\">\n\t\t\t\t\t<div class=\"aux-parallax-section elementor-column elementor-col-100 elementor-top-column elementor-element elementor-element-6861af78\" data-id=\"6861af78\" data-element_type=\"column\">\n\t\t\t<div class=\"elementor-widget-wrap elementor-element-populated\">\n\t\t\t\t\t\t<div class=\"elementor-element elementor-element-3904788e elementor-align-justify elementor-widget elementor-widget-button\" data-id=\"3904788e\" data-element_type=\"widget\" data-widget_type=\"button.default\">\n\t\t\t\t<div class=\"elementor-widget-container\">\n\t\t\t\t\t<div class=\"elementor-button-wrapper\">\n\t\t\t<a class=\"elementor-button elementor-button-link elementor-size-lg\" href=\"https:\/\/turissam.com\/contacto\/\">\n\t\t\t\t\t\t<span class=\"elementor-button-content-wrapper\">\n\t\t\t\t\t\t\t\t\t<span class=\"elementor-button-text\">Quiero m\u00e1s informaci\u00f3n sobre el procedimiento<\/span>\n\t\t\t\t\t<\/span>\n\t\t\t\t\t<\/a>\n\t\t<\/div>\n\t\t\t\t<\/div>\n\t\t\t\t<\/div>\n\t\t\t\t<div class=\"elementor-element elementor-element-6da3ff3c elementor-align-center elementor-widget elementor-widget-button\" data-id=\"6da3ff3c\" data-element_type=\"widget\" data-widget_type=\"button.default\">\n\t\t\t\t<div class=\"elementor-widget-container\">\n\t\t\t\t\t<div class=\"elementor-button-wrapper\">\n\t\t\t<a class=\"elementor-button elementor-button-link elementor-size-sm\" href=\"https:\/\/turissam.com\/turissam-med\/\">\n\t\t\t\t\t\t<span class=\"elementor-button-content-wrapper\">\n\t\t\t\t\t\t\t\t\t<span class=\"elementor-button-text\">Volver a Turissam Med<\/span>\n\t\t\t\t\t<\/span>\n\t\t\t\t\t<\/a>\n\t\t<\/div>\n\t\t\t\t<\/div>\n\t\t\t\t<\/div>\n\t\t\t\t\t<\/div>\n\t\t<\/div>\n\t\t\t\t\t<\/div>\n\t\t<\/section>\n\t\t\t\t<\/div>\n\t\t","protected":false},"excerpt":{"rendered":"<p>Implantes Pectorales + Lipoescultura + Abdominales Solicita ya tu video consulta sin costo Incluye: 1 Consulta por Videollamada Consulta presencial Valoraci\u00f3n prequir\u00fargica Realizaci\u00f3n de cirug\u00eda Seguimiento personalizado en Hotel durante 2 semanas posteriores a egreso hospitalario. 1 Noche hospitalizaci\u00f3n en habitaci\u00f3n est\u00e1ndar con 1 acompa\u00f1ante Uso de quir\u00f3fano con anestesia general Traslado para 2 personas [&hellip;]<\/p>\n","protected":false},"author":1,"featured_media":0,"parent":1628,"menu_order":0,"comment_status":"closed","ping_status":"closed","template":"","meta":{"footnotes":"","_joinchat":[]},"aioseo_notices":[],"_links":{"self":[{"href":"https:\/\/turissam.com\/en\/wp-json\/wp\/v2\/pages\/1862"}],"collection":[{"href":"https:\/\/turissam.com\/en\/wp-json\/wp\/v2\/pages"}],"about":[{"href":"https:\/\/turissam.com\/en\/wp-json\/wp\/v2\/types\/page"}],"author":[{"embeddable":true,"href":"https:\/\/turissam.com\/en\/wp-json\/wp\/v2\/users\/1"}],"replies":[{"embeddable":true,"href":"https:\/\/turissam.com\/en\/wp-json\/wp\/v2\/comments?post=1862"}],"version-history":[{"count":3,"href":"https:\/\/turissam.com\/en\/wp-json\/wp\/v2\/pages\/1862\/revisions"}],"predecessor-version":[{"id":2329,"href":"https:\/\/turissam.com\/en\/wp-json\/wp\/v2\/pages\/1862\/revisions\/2329"}],"up":[{"embeddable":true,"href":"https:\/\/turissam.com\/en\/wp-json\/wp\/v2\/pages\/1628"}],"wp:attachment":[{"href":"https:\/\/turissam.com\/en\/wp-json\/wp\/v2\/media?parent=1862"}],"curies":[{"name":"wp","href":"https:\/\/api.w.org\/{rel}","templated":true}]}}