{"id":1636,"date":"2022-05-16T03:53:03","date_gmt":"2022-05-16T03:53:03","guid":{"rendered":"https:\/\/turissam.com\/contacto\/"},"modified":"2022-09-17T15:15:47","modified_gmt":"2022-09-17T15:15:47","slug":"contact","status":"publish","type":"page","link":"https:\/\/turissam.com\/en\/contact\/","title":{"rendered":"Contact"},"content":{"rendered":"\t\t<div data-elementor-type=\"wp-page\" data-elementor-id=\"1636\" class=\"elementor elementor-1636 elementor-20\">\n\t\t\t\t\t\t<section class=\"elementor-section elementor-top-section elementor-element elementor-element-2b7234e elementor-section-boxed elementor-section-height-default elementor-section-height-default\" data-id=\"2b7234e\" data-element_type=\"section\">\n\t\t\t\t\t\t<div class=\"elementor-container elementor-column-gap-no\">\n\t\t\t\t\t<div class=\"aux-parallax-section elementor-column elementor-col-33 elementor-top-column elementor-element elementor-element-7941bf41\" data-id=\"7941bf41\" data-element_type=\"column\">\n\t\t\t<div class=\"elementor-widget-wrap elementor-element-populated\">\n\t\t\t\t\t\t<div class=\"elementor-element elementor-element-4af08d71 elementor-widget elementor-widget-image\" data-id=\"4af08d71\" data-element_type=\"widget\" data-widget_type=\"image.default\">\n\t\t\t\t<div class=\"elementor-widget-container\">\n\t\t\t\t\t\t\t\t\t\t\t\t\t\t<a href=\"https:\/\/turissam.com\/turissam-dmc\/\">\n\t\t\t\t\t\t\t<img decoding=\"async\" src=\"https:\/\/turissam.com\/wp-content\/uploads\/elementor\/thumbs\/logo-turissam-ch-povue3tduo4h7zqixyzj13n0dou4vyx622vczguuhw.png\" title=\"logo-turissam-ch\" alt=\"logo-turissam-ch\" loading=\"lazy\" \/>\t\t\t\t\t\t\t\t<\/a>\n\t\t\t\t\t\t\t\t\t\t\t\t\t<\/div>\n\t\t\t\t<\/div>\n\t\t\t\t\t<\/div>\n\t\t<\/div>\n\t\t\t\t<div class=\"aux-parallax-section elementor-column elementor-col-33 elementor-top-column elementor-element elementor-element-27218302\" data-id=\"27218302\" data-element_type=\"column\">\n\t\t\t<div class=\"elementor-widget-wrap elementor-element-populated\">\n\t\t\t\t\t\t<div class=\"elementor-element elementor-element-b2aa39f elementor-widget elementor-widget-image\" data-id=\"b2aa39f\" data-element_type=\"widget\" data-widget_type=\"image.default\">\n\t\t\t\t<div class=\"elementor-widget-container\">\n\t\t\t\t\t\t\t\t\t\t\t\t\t\t<a href=\"https:\/\/turissam.com\/turissam-travel\/\">\n\t\t\t\t\t\t\t<img decoding=\"async\" src=\"https:\/\/turissam.com\/wp-content\/uploads\/elementor\/thumbs\/logo-turissam-travel-pqskdmre7ddl9pzui65pk8aose1w9uy35ltgulh8f8.png\" title=\"logo-turissam-travel\" alt=\"logo-turissam-travel\" loading=\"lazy\" \/>\t\t\t\t\t\t\t\t<\/a>\n\t\t\t\t\t\t\t\t\t\t\t\t\t<\/div>\n\t\t\t\t<\/div>\n\t\t\t\t\t<\/div>\n\t\t<\/div>\n\t\t\t\t<div class=\"aux-parallax-section elementor-column elementor-col-33 elementor-top-column elementor-element elementor-element-796ba39\" data-id=\"796ba39\" data-element_type=\"column\" data-settings=\"{&quot;background_background&quot;:&quot;classic&quot;}\">\n\t\t\t<div class=\"elementor-widget-wrap elementor-element-populated\">\n\t\t\t\t\t\t<div class=\"elementor-element elementor-element-18526903 elementor-widget elementor-widget-image\" data-id=\"18526903\" data-element_type=\"widget\" data-widget_type=\"image.default\">\n\t\t\t\t<div class=\"elementor-widget-container\">\n\t\t\t\t\t\t\t\t\t\t\t\t\t\t<a href=\"https:\/\/turissam.com\/turissam-med\/\">\n\t\t\t\t\t\t\t<img decoding=\"async\" src=\"https:\/\/turissam.com\/wp-content\/uploads\/elementor\/thumbs\/turissam-med-pr410t1i32zoxy0xpwgy02uavwsdzpyjvw5fc1ka90.png\" title=\"turissam-med\" alt=\"turissam-med\" loading=\"lazy\" \/>\t\t\t\t\t\t\t\t<\/a>\n\t\t\t\t\t\t\t\t\t\t\t\t\t<\/div>\n\t\t\t\t<\/div>\n\t\t\t\t\t<\/div>\n\t\t<\/div>\n\t\t\t\t\t<\/div>\n\t\t<\/section>\n\t\t\t\t<section class=\"elementor-section elementor-top-section elementor-element elementor-element-c57ad50 elementor-section-boxed elementor-section-height-default elementor-section-height-default\" data-id=\"c57ad50\" data-element_type=\"section\">\n\t\t\t\t\t\t<div class=\"elementor-container elementor-column-gap-default\">\n\t\t\t\t\t<div class=\"aux-parallax-section elementor-column elementor-col-50 elementor-top-column elementor-element elementor-element-c7165cc\" data-id=\"c7165cc\" data-element_type=\"column\">\n\t\t\t<div class=\"elementor-widget-wrap elementor-element-populated\">\n\t\t\t\t\t\t<div class=\"elementor-element elementor-element-95ed6d9 elementor-widget elementor-widget-heading\" data-id=\"95ed6d9\" data-element_type=\"widget\" data-widget_type=\"heading.default\">\n\t\t\t\t<div class=\"elementor-widget-container\">\n\t\t\t<h1 class=\"elementor-heading-title elementor-size-default\">Cont\u00e1ctanos<\/h1>\t\t<\/div>\n\t\t\t\t<\/div>\n\t\t\t\t<div class=\"elementor-element elementor-element-de5935e elementor-widget elementor-widget-text-editor\" data-id=\"de5935e\" data-element_type=\"widget\" data-widget_type=\"text-editor.default\">\n\t\t\t\t<div class=\"elementor-widget-container\">\n\t\t\t\t\t\t\t<p>Nos dar\u00e1 mucho gusto escuchar de ti. Prometemos que uno de nuestros asociados se pondr\u00e1 en contacto contigo a la brevedad.<\/p><p>Toda tu informaci\u00f3n es confidencial y para uso interno solamente, no ser\u00e1 de ninguna manera divulgada ni compartida.<\/p><p>Para m\u00e1s informaci\u00f3n vivita nuestro <a href=\"#\">Aviso de Privacidad<\/a>.<\/p>\t\t\t\t\t\t<\/div>\n\t\t\t\t<\/div>\n\t\t\t\t<div class=\"elementor-element elementor-element-5dc34a4 elementor-widget elementor-widget-image\" data-id=\"5dc34a4\" data-element_type=\"widget\" data-widget_type=\"image.default\">\n\t\t\t\t<div class=\"elementor-widget-container\">\n\t\t\t\t\t\t\t\t\t\t\t\t\t<img fetchpriority=\"high\" decoding=\"async\" width=\"1024\" height=\"892\" src=\"https:\/\/turissam.com\/wp-content\/uploads\/2022\/07\/dcm-eventos-1024x892.jpg\" class=\"attachment-large size-large wp-image-1487\" alt=\"\" \/>\t\t\t\t\t\t\t\t\t\t\t\t\t<\/div>\n\t\t\t\t<\/div>\n\t\t\t\t\t<\/div>\n\t\t<\/div>\n\t\t\t\t<div class=\"aux-parallax-section elementor-column elementor-col-50 elementor-top-column elementor-element elementor-element-2ea2fa5\" data-id=\"2ea2fa5\" data-element_type=\"column\">\n\t\t\t<div class=\"elementor-widget-wrap elementor-element-populated\">\n\t\t\t\t\t\t<div class=\"elementor-element elementor-element-92a57d5 elementor-widget elementor-widget-bdt-contact-form-7\" data-id=\"92a57d5\" data-element_type=\"widget\" data-widget_type=\"bdt-contact-form-7.default\">\n\t\t\t\t<div class=\"elementor-widget-container\">\n\t\t\t\n<div class=\"wpcf7 no-js\" id=\"wpcf7-f1640-o1\" lang=\"es-ES\" dir=\"ltr\">\n<div class=\"screen-reader-response\"><p role=\"status\" aria-live=\"polite\" aria-atomic=\"true\"><\/p> <ul><\/ul><\/div>\n<form action=\"\/en\/wp-json\/wp\/v2\/pages\/1636#wpcf7-f1640-o1\" method=\"post\" class=\"wpcf7-form init\" aria-label=\"Formulario de contacto\" novalidate=\"novalidate\" data-status=\"init\">\n<div style=\"display: none;\">\n<input type=\"hidden\" name=\"_wpcf7\" value=\"1640\" \/>\n<input type=\"hidden\" name=\"_wpcf7_version\" value=\"5.9.8\" \/>\n<input type=\"hidden\" name=\"_wpcf7_locale\" value=\"es_ES\" \/>\n<input type=\"hidden\" name=\"_wpcf7_unit_tag\" value=\"wpcf7-f1640-o1\" \/>\n<input type=\"hidden\" name=\"_wpcf7_container_post\" value=\"0\" \/>\n<input type=\"hidden\" name=\"_wpcf7_posted_data_hash\" value=\"\" \/>\n<\/div>\n<p><span class=\"wpcf7-form-control-wrap\" data-name=\"usuario-nombre\"><input size=\"40\" maxlength=\"400\" class=\"wpcf7-form-control wpcf7-text wpcf7-validates-as-required\" aria-required=\"true\" aria-invalid=\"false\" placeholder=\"Full name\" value=\"\" type=\"text\" name=\"usuario-nombre\" \/><\/span><br \/>\n<span class=\"wpcf7-form-control-wrap\" data-name=\"usuario-email\"><input size=\"40\" maxlength=\"400\" class=\"wpcf7-form-control wpcf7-email wpcf7-validates-as-required wpcf7-text wpcf7-validates-as-email\" aria-required=\"true\" aria-invalid=\"false\" placeholder=\"Email\" value=\"\" type=\"email\" name=\"usuario-email\" \/><\/span><br \/>\n<span class=\"wpcf7-form-control-wrap\" data-name=\"usuario-asunto\"><input size=\"40\" maxlength=\"400\" class=\"wpcf7-form-control wpcf7-text wpcf7-validates-as-required\" aria-required=\"true\" aria-invalid=\"false\" placeholder=\"Subject\" value=\"\" type=\"text\" name=\"usuario-asunto\" \/><\/span><br \/>\n<span class=\"wpcf7-form-control-wrap\" data-name=\"usuario-mensaje\"><textarea cols=\"40\" rows=\"10\" maxlength=\"2000\" class=\"wpcf7-form-control wpcf7-textarea\" aria-invalid=\"false\" placeholder=\"Write your questions and\/or comments\" name=\"usuario-mensaje\"><\/textarea><\/span><br \/>\n<input class=\"wpcf7-form-control wpcf7-submit has-spinner\" type=\"submit\" value=\"Send\" \/>\n<\/p><div class=\"wpcf7-response-output\" aria-hidden=\"true\"><\/div>\n<\/form>\n<\/div>\n\t\t<\/div>\n\t\t\t\t<\/div>\n\t\t\t\t\t<\/div>\n\t\t<\/div>\n\t\t\t\t\t<\/div>\n\t\t<\/section>\n\t\t\t\t<\/div>\n\t\t","protected":false},"excerpt":{"rendered":"<p>Cont\u00e1ctanos Nos dar\u00e1 mucho gusto escuchar de ti. Prometemos que uno de nuestros asociados se pondr\u00e1 en contacto contigo a la brevedad. Toda tu informaci\u00f3n es confidencial y para uso interno solamente, no ser\u00e1 de ninguna manera divulgada ni compartida. Para m\u00e1s informaci\u00f3n vivita nuestro Aviso de Privacidad.<\/p>\n","protected":false},"author":1,"featured_media":0,"parent":0,"menu_order":0,"comment_status":"closed","ping_status":"closed","template":"","meta":{"footnotes":"","_joinchat":[]},"aioseo_notices":[],"_links":{"self":[{"href":"https:\/\/turissam.com\/en\/wp-json\/wp\/v2\/pages\/1636"}],"collection":[{"href":"https:\/\/turissam.com\/en\/wp-json\/wp\/v2\/pages"}],"about":[{"href":"https:\/\/turissam.com\/en\/wp-json\/wp\/v2\/types\/page"}],"author":[{"embeddable":true,"href":"https:\/\/turissam.com\/en\/wp-json\/wp\/v2\/users\/1"}],"replies":[{"embeddable":true,"href":"https:\/\/turissam.com\/en\/wp-json\/wp\/v2\/comments?post=1636"}],"version-history":[{"count":11,"href":"https:\/\/turissam.com\/en\/wp-json\/wp\/v2\/pages\/1636\/revisions"}],"predecessor-version":[{"id":1649,"href":"https:\/\/turissam.com\/en\/wp-json\/wp\/v2\/pages\/1636\/revisions\/1649"}],"wp:attachment":[{"href":"https:\/\/turissam.com\/en\/wp-json\/wp\/v2\/media?parent=1636"}],"curies":[{"name":"wp","href":"https:\/\/api.w.org\/{rel}","templated":true}]}}